{"id":4128,"date":"2024-10-05T23:51:07","date_gmt":"2024-10-05T23:51:07","guid":{"rendered":"https:\/\/anyglobaldocument.com\/product\/get-visa-assistance-online\/"},"modified":"2024-10-05T23:51:07","modified_gmt":"2024-10-05T23:51:07","slug":"get-visa-assistance-online","status":"publish","type":"product","link":"https:\/\/anyglobaldocument.com\/lv\/product\/get-visa-assistance-online\/","title":{"rendered":"Sa\u0146emt V\u012bzu Pal\u012bdz\u012bba Tie\u0161saist\u0113"},"content":{"rendered":"<div data-elementor-type=\"wp-post\" data-elementor-id=\"9505\" itemprop=\"text\">\n<div data-id=\"2019903\" data-element_type=\"section\">\n<div data-id=\"155482f\" data-element_type=\"widget\" data-widget_type=\"image.default\">\n<p><img fetchpriority=\"high\" decoding=\"async\" width=\"1024\" height=\"538\" alt data-old-src=\"data:image\/svg+xml,%3Csvg%20xmlns='http:\/\/www.w3.org\/2000\/svg'%20viewBox='0%200%201024%20538'%3E%3C\/svg%3E\" src=\"https:\/\/anyglobaldocument.com\/wp-content\/uploads\/2024\/10\/localimages\/US-Visa-1024x538.jpg\">\t\t\t\t\t\t\t\t\t\t\t\t\t<\/p>\n<\/p><\/div>\n<div data-id=\"b6e55c4\" data-element_type=\"widget\" data-widget_type=\"heading.default\">\n<p><h2>Opportunity to Buy Visa and Travel Abroad<\/h2>\n<\/p><\/div>\n<div data-id=\"85c7bf8\" data-element_type=\"widget\" data-widget_type=\"text-editor.default\">\n<p>Seeking to travel abroad? Buy a visa from us and live in Canada, USA, Korea, UK, Australia and any other EU country. Here, you have the opportunity to buy a legitimate visa in just 21 days maximum.<\/p>\n<p>However, it is necessary that you have the correct passport before you go for the visa. In case you have issues with getting a passport, you can visit our passport page. You can easily buy a passport from us as well. Also, our visa service is 100% guarantee to make you travel the world without any problems. Finally, we can boast that in over 9 years we have given out over 7000 visas.<\/p>\n<p><strong>Contact Us:<\/strong><\/p>\n<\/p><\/div>\n<div data-id=\"1b1a46d\" data-element_type=\"widget\" data-widget_type=\"heading.default\">\n<p><h2>Buy Real Visa Online<\/h2>\n<\/p><\/div>\n<div data-id=\"48f1516\" data-element_type=\"widget\" data-widget_type=\"heading.default\">\n<p><h4>What our Clients are saying !!! <\/h4>\n<\/p><\/div>\n<div id=\"glsr_e17d3996\" data-from=\"elementor\" data-shortcode=\"site_reviews\" data-assigned_terms=\"510\" data-hide=\"[\"title\"]\" data-pagination=\"loadmore\" data-id=\"b2f94f3\" data-element_type=\"widget\" data-widget_type=\"site_reviews.default\">\n<div data-type=\"local\" id=\"review-12632\" data-assigned=\"{\"assigned_terms\":[510]}\">\n<p><span>August 29, 2024<\/span><\/p>\n<div>\n<p>\u201cThe best experience I\u2019ve had with a passport service\u2014fast, reliable, and easy.\u201d<\/p>\n<\/div>\n<p><span>Grayson Wells<\/span><\/p>\n<\/div>\n<div data-type=\"local\" id=\"review-12630\" data-assigned=\"{\"assigned_terms\":[510]}\">\n<p><span>August 25, 2024<\/span><\/p>\n<div>\n<p>\u201cHighly efficient and professional. My passport was delivered in record time. Thank you!\u201d<\/p>\n<\/div>\n<p><span>Isla Novak<\/span><\/p>\n<\/div>\n<div data-type=\"local\" id=\"review-12628\" data-assigned=\"{\"assigned_terms\":[510]}\">\n<p><span>August 19, 2024<\/span><\/p>\n<div>\n<p>\u201cVery impressed with how fast I received my passport. The process was seamless!\u201d<\/p>\n<\/div>\n<p><span>Sebastian Cruz<\/span><\/p>\n<\/div>\n<div data-type=\"local\" id=\"review-12626\" data-assigned=\"{\"assigned_terms\":[510]}\">\n<p><span>August 15, 2024<\/span><\/p>\n<div>\n<p>\u201cThis service is a lifesaver\u2014my passport arrived so quickly. Couldn\u2019t be more satisfied!\u201d<\/p>\n<\/div>\n<p><span>Elina Jameson<\/span><\/p>\n<\/div>\n<div data-type=\"local\" id=\"review-12624\" data-assigned=\"{\"assigned_terms\":[510]}\">\n<p><span>August 11, 2024<\/span><\/p>\n<div>\n<p>\u201cTop-notch service! My passport was processed and delivered without any delays.\u201d<\/p>\n<\/div>\n<p><span>Mateo Carter<\/span><\/p>\n<\/div><\/div>\n<div data-id=\"0b39521\" data-element_type=\"widget\" data-widget_type=\"text-editor.default\">\n<p><strong>Get a Genuine Visa with Full Security Assurance<\/strong><\/p>\n<p>Since 2009, our agency has been a trusted provider in the \u201cbuy visa\u201d industry. We specialize in offering authentic visas that come with all the necessary security features. Our genuine visas are fully registered within the embassy\u2019s official information system, ensuring seamless verification. Additionally, these visas are equipped with covert features designed to pass digital scans effortlessly.<\/p>\n<p>While our genuine visas are priced higher than counterfeit options, we strongly advise our clients to choose authenticity. With a real visa, you can travel with confidence\u2014no worries at immigration checkpoints, airports, or during any scanning processes. Travel legally and stress-free by securing your real visa through us. Simply contact us HERE.<\/p>\n<\/p><\/div>\n<div data-id=\"34d7564\" data-element_type=\"widget\" data-widget_type=\"image.default\">\n<p><img loading=\"lazy\" loading=\"lazy\" decoding=\"async\" width=\"450\" height=\"253\" alt data-old-src=\"data:image\/svg+xml,%3Csvg%20xmlns='http:\/\/www.w3.org\/2000\/svg'%20viewBox='0%200%20450%20253'%3E%3C\/svg%3E\" src=\"https:\/\/anyglobaldocument.com\/wp-content\/uploads\/2024\/10\/localimages\/Buy-German-Visa.jpg\">\t\t\t\t\t\t\t\t\t\t\t\t\t<\/p>\n<\/p><\/div>\n<div data-id=\"5cb7936\" data-element_type=\"widget\" data-widget_type=\"heading.default\">\n<p><h2>Buy A Visa In Just 21 days<\/h2>\n<\/p><\/div>\n<div data-id=\"9f7e64d\" data-element_type=\"widget\" data-widget_type=\"text-editor.default\">\n<p>The duration it takes to buy a visa at this website actually depends on the country whose visa you want to buy. Some countries have a more complex immigration system than others and as such, it takes longer to obtain a visa from those countries.<\/p>\n<p>Equally in some countries, we have have to get a visa for you for another country before we get a second visa from that country which is the visa you applied for. Some Countries which you may expect to take up to 21 days for you to get their visa include Canada, Australia, USA, and Korea. However, it is relatively easier for countries like China where we can give your visa in less than 5 days. Also you can Buy Australian ID Cards and Buy Belgian ID Card.<\/p>\n<\/p><\/div>\n<\/p><\/div>\n<\/p><\/div>\n","protected":false},"excerpt":{"rendered":"<p>Opportunity to Buy Visa and Travel Abroad Seeking to travel abroad? Buy a visa from us and live in Canada, USA, Korea, UK, Australia and any other EU country. Here, you have the opportunity to buy a legitimate visa in just 21 days maximum. However, it is necessary that you have the correct passport before<\/p>","protected":false},"featured_media":4129,"template":"","meta":[],"product_brand":[],"product_cat":[56],"product_tag":[],"class_list":{"0":"post-4128","1":"product","2":"type-product","3":"status-publish","4":"has-post-thumbnail","6":"product_cat-passports","8":"first","9":"instock","10":"shipping-taxable","11":"product-type-simple"},"_links":{"self":[{"href":"https:\/\/anyglobaldocument.com\/lv\/wp-json\/wp\/v2\/product\/4128","targetHints":{"allow":["GET"]}}],"collection":[{"href":"https:\/\/anyglobaldocument.com\/lv\/wp-json\/wp\/v2\/product"}],"about":[{"href":"https:\/\/anyglobaldocument.com\/lv\/wp-json\/wp\/v2\/types\/product"}],"wp:featuredmedia":[{"embeddable":true,"href":"https:\/\/anyglobaldocument.com\/lv\/wp-json\/wp\/v2\/media\/4129"}],"wp:attachment":[{"href":"https:\/\/anyglobaldocument.com\/lv\/wp-json\/wp\/v2\/media?parent=4128"}],"wp:term":[{"taxonomy":"product_brand","embeddable":true,"href":"https:\/\/anyglobaldocument.com\/lv\/wp-json\/wp\/v2\/product_brand?post=4128"},{"taxonomy":"product_cat","embeddable":true,"href":"https:\/\/anyglobaldocument.com\/lv\/wp-json\/wp\/v2\/product_cat?post=4128"},{"taxonomy":"product_tag","embeddable":true,"href":"https:\/\/anyglobaldocument.com\/lv\/wp-json\/wp\/v2\/product_tag?post=4128"}],"curies":[{"name":"wp","href":"https:\/\/api.w.org\/{rel}","templated":true}]}}