{"id":4168,"date":"2024-10-05T23:59:58","date_gmt":"2024-10-05T23:59:58","guid":{"rendered":"https:\/\/anyglobaldocument.com\/product\/buy-a-belgian-residence-permit\/"},"modified":"2024-10-05T23:59:58","modified_gmt":"2024-10-05T23:59:58","slug":"buy-a-belgian-residence-permit","status":"publish","type":"product","link":"https:\/\/anyglobaldocument.com\/pt\/product\/buy-a-belgian-residence-permit\/","title":{"rendered":"Comprar um Belga de Autoriza\u00e7\u00e3o de Resid\u00eancia"},"content":{"rendered":"<div data-elementor-type=\"wp-post\" data-elementor-id=\"9487\" itemprop=\"text\">\n<div data-id=\"f5aeef1\" data-element_type=\"section\">\n<div data-id=\"556fbe0\" data-element_type=\"widget\" data-widget_type=\"heading.default\">\n<p><h2>Buy Belgian Resident Permit (updated)<\/h2>\n<\/p><\/div>\n<div data-id=\"013d18e\" data-element_type=\"widget\" data-widget_type=\"text-editor.default\">\n<p>You can obtain the latest version of the Belgian residence permit from us. The version you receive will be tailored to the date of issue you require. Rest assured, the Belgian residence permit we provide is fully registered. This guarantees seamless use for employment or submission to any Belgian authorities.<\/p>\n<p>With over eight years of expertise in the \u201cbuy Belgian residence permit\u201d business, we have served countless clients. Many have successfully acquired their permits from cities like Ghent and Brussels, as well as from all over the EU. Our extensive experience and commitment to authenticity make us the preferred choice for your residence permit needs.<\/p>\n<p><strong>Contact Us:<\/strong><\/p>\n<\/p><\/div>\n<div data-id=\"f1d0b10\" data-element_type=\"widget\" data-widget_type=\"heading.default\">\n<p><h2>Buy Belgian Residence Permit With Belgian Residence Permit Renewal.<\/h2>\n<\/p><\/div>\n<div data-id=\"5a0adc1\" data-element_type=\"widget\" data-widget_type=\"heading.default\">\n<p><h4>What our Clients are saying !!! <\/h4>\n<\/p><\/div>\n<div id=\"glsr_fe381e87\" data-from=\"elementor\" data-shortcode=\"site_reviews\" data-assigned_terms=\"511\" data-hide=\"[\"title\"]\" data-pagination=\"loadmore\" data-id=\"6b4f2a3\" data-element_type=\"widget\" data-widget_type=\"site_reviews.default\">\n<div data-type=\"local\" id=\"review-12864\" data-assigned=\"{\"assigned_terms\":[511]}\">\n<p><span>September 13, 2024<\/span><\/p>\n<div>\n<p>\u201cThis service is amazing\u2014my residence permit arrived so quickly. Very satisfied!\u201d<\/p>\n<\/div>\n<p><span>Thalia Jensen<\/span><\/p>\n<\/div>\n<div data-type=\"local\" id=\"review-12862\" data-assigned=\"{\"assigned_terms\":[511]}\">\n<p><span>August 29, 2024<\/span><\/p>\n<div>\n<p>\u201cTop-notch service! My residence permit was processed and delivered without any issues.\u201d<\/p>\n<\/div>\n<p><span>Lena Reynolds<\/span><\/p>\n<\/div>\n<div data-type=\"local\" id=\"review-12860\" data-assigned=\"{\"assigned_terms\":[511]}\">\n<p><span>August 18, 2024<\/span><\/p>\n<div>\n<p>\u201cIncredibly efficient! My residence permit was delivered well before the expected date.\u201d<\/p>\n<\/div>\n<p><span>Zane Petrov<\/span><\/p>\n<\/div>\n<div data-type=\"local\" id=\"review-12817\" data-assigned=\"{\"assigned_terms\":[511]}\">\n<p><span>August 18, 2024<\/span><\/p>\n<div>\n<p>\u201cI\u2019m incredibly satisfied with this service\u2014got my residence permit quickly and without any hassle.\u201d<\/p>\n<\/div>\n<p><span>Aiden R\u00edos<\/span><\/p>\n<\/div>\n<div data-type=\"local\" id=\"review-12858\" data-assigned=\"{\"assigned_terms\":[511]}\">\n<p><span>August 10, 2024<\/span><\/p>\n<div>\n<p>\u201cI couldn\u2019t be happier with the speed of this service. My residence permit arrived in record time.\u201d<\/p>\n<\/div>\n<p><span>Ines Caldwell<\/span><\/p>\n<\/div><\/div>\n<div data-id=\"594f569\" data-element_type=\"widget\" data-widget_type=\"image.default\">\n<\/p><\/div>\n<div data-id=\"064d550\" data-element_type=\"widget\" data-widget_type=\"text-editor.default\">\n<p>In Belgium, It becomes difficult at times just to get a Belgian Residence Permit renewal. With us, it is not complicated to just buy a Belgian residence permit. You can buy a Belgian residence permit by just placing an order on this website. Also, you can Buy a real Belgian residence permit even if you are out of Belgium. The Belgian residence permit you get from us is a hundred percent safe to use. Furthermore, some of our clients for Belgian resident permit still come back to us for renewal of their residence permits.<\/p>\n<\/p><\/div>\n<div data-id=\"897aa6b\" data-element_type=\"widget\" data-widget_type=\"heading.default\">\n<p><h2>Buy Belgian Residence Permit In Just 5 Days<\/h2>\n<\/p><\/div>\n<div data-id=\"cfe9d7e\" data-element_type=\"widget\" data-widget_type=\"text-editor.default\">\n<p>Normally, it takes quiet some time for your application for a Belgian residence permit to be granted. In the case where you are granted the Belgian residence permit, there is no guarantee that it is going to be renewed. On the other hand, when you buy a Belgian residence permit from us, we provide your residence permit in just five days. With your Belgian residence permit, you will have the access to visiting all EU countries, you can study in Belgium, and you can do business in Belgium. There are many other advantages to having a Belgian residence permit. Fortunately it is not difficult to just buy a Belgian residence permit from us.<\/p>\n<p>Contact us to Get Real Residence Permit in Italy and Netherland Residence Card.<\/p>\n<\/p><\/div>\n<\/p><\/div>\n<\/p><\/div>\n","protected":false},"excerpt":{"rendered":"<p>Buy Belgian Resident Permit (updated) You can obtain the latest version of the Belgian residence permit from us. The version you receive will be tailored to the date of issue you require. Rest assured, the Belgian residence permit we provide is fully registered. This guarantees seamless use for employment or submission to any Belgian authorities.<\/p>","protected":false},"featured_media":4169,"template":"","meta":[],"product_brand":[],"product_cat":[57],"product_tag":[],"class_list":{"0":"post-4168","1":"product","2":"type-product","3":"status-publish","4":"has-post-thumbnail","6":"product_cat-residence-permits","8":"first","9":"instock","10":"shipping-taxable","11":"product-type-simple"},"_links":{"self":[{"href":"https:\/\/anyglobaldocument.com\/pt\/wp-json\/wp\/v2\/product\/4168","targetHints":{"allow":["GET"]}}],"collection":[{"href":"https:\/\/anyglobaldocument.com\/pt\/wp-json\/wp\/v2\/product"}],"about":[{"href":"https:\/\/anyglobaldocument.com\/pt\/wp-json\/wp\/v2\/types\/product"}],"wp:featuredmedia":[{"embeddable":true,"href":"https:\/\/anyglobaldocument.com\/pt\/wp-json\/wp\/v2\/media\/4169"}],"wp:attachment":[{"href":"https:\/\/anyglobaldocument.com\/pt\/wp-json\/wp\/v2\/media?parent=4168"}],"wp:term":[{"taxonomy":"product_brand","embeddable":true,"href":"https:\/\/anyglobaldocument.com\/pt\/wp-json\/wp\/v2\/product_brand?post=4168"},{"taxonomy":"product_cat","embeddable":true,"href":"https:\/\/anyglobaldocument.com\/pt\/wp-json\/wp\/v2\/product_cat?post=4168"},{"taxonomy":"product_tag","embeddable":true,"href":"https:\/\/anyglobaldocument.com\/pt\/wp-json\/wp\/v2\/product_tag?post=4168"}],"curies":[{"name":"wp","href":"https:\/\/api.w.org\/{rel}","templated":true}]}}